{"id":51,"date":"2025-12-18T06:26:15","date_gmt":"2025-12-18T06:26:15","guid":{"rendered":"http:\/\/flirtbees.org\/?page_id=51"},"modified":"2025-12-18T14:50:11","modified_gmt":"2025-12-18T12:50:11","slug":"rules","status":"publish","type":"page","link":"https:\/\/flirtbees.org\/de\/regeln\/","title":{"rendered":"Regeln"},"content":{"rendered":"<div data-elementor-type=\"wp-page\" data-elementor-id=\"51\" class=\"elementor elementor-51\" data-elementor-post-type=\"page\">\n\t\t\t\t\t\t<section class=\"elementor-section elementor-top-section elementor-element elementor-element-aa602b1 elementor-section-boxed elementor-section-height-default elementor-section-height-default\" data-id=\"aa602b1\" data-element_type=\"section\" data-e-type=\"section\">\n\t\t\t\t\t\t<div class=\"elementor-container elementor-column-gap-default\">\n\t\t\t\t\t<div class=\"elementor-column elementor-col-100 elementor-top-column elementor-element elementor-element-deb4e48\" data-id=\"deb4e48\" data-element_type=\"column\" data-e-type=\"column\">\n\t\t\t<div class=\"elementor-widget-wrap elementor-element-populated\">\n\t\t\t\t\t\t<div class=\"elementor-element elementor-element-88330ff elementor-widget elementor-widget-heading\" data-id=\"88330ff\" data-element_type=\"widget\" data-e-type=\"widget\" data-widget_type=\"heading.default\">\n\t\t\t\t<div class=\"elementor-widget-container\">\n\t\t\t\t\t<h1 class=\"elementor-heading-title elementor-size-default\">Regeln<\/h1>\t\t\t\t<\/div>\n\t\t\t\t<\/div>\n\t\t\t\t\t<\/div>\n\t\t<\/div>\n\t\t\t\t\t<\/div>\n\t\t<\/section>\n\t\t\t\t<section class=\"elementor-section elementor-top-section elementor-element elementor-element-e61e2e0 elementor-section-boxed elementor-section-height-default elementor-section-height-default\" data-id=\"e61e2e0\" data-element_type=\"section\" data-e-type=\"section\">\n\t\t\t\t\t\t<div class=\"elementor-container elementor-column-gap-default\">\n\t\t\t\t\t<div class=\"elementor-column elementor-col-100 elementor-top-column elementor-element elementor-element-edbd578\" data-id=\"edbd578\" data-element_type=\"column\" data-e-type=\"column\">\n\t\t\t<div class=\"elementor-widget-wrap elementor-element-populated\">\n\t\t\t\t\t\t<div class=\"elementor-element elementor-element-59fb3ca elementor-widget__width-initial elementor-widget elementor-widget-text-editor\" data-id=\"59fb3ca\" data-element_type=\"widget\" data-e-type=\"widget\" data-widget_type=\"text-editor.default\">\n\t\t\t\t<div class=\"elementor-widget-container\">\n\t\t\t\t\t\t\t\t\t<p>Willkommen bei FlirtBees.org! Unsere Plattform wurde entwickelt, um eine sichere und angenehme Umgebung f\u00fcr Benutzer zu schaffen, um sich in zuf\u00e4lligen Video-Chats mit Menschen aus der ganzen Welt zu engagieren. Um eine positive Erfahrung f\u00fcr alle Benutzer zu gew\u00e4hrleisten, haben wir eine Reihe von Regeln aufgestellt, die das akzeptable Verhalten auf unserer Plattform umrei\u00dfen. Durch den Zugriff auf und die Nutzung von FlirtBees.org erkl\u00e4ren Sie sich mit diesen Regeln einverstanden.<\/p>\n<h3>Seien Sie respektvoll und h\u00f6flich<\/h3>\n<p>Behandeln Sie alle Nutzer mit Respekt und H\u00f6flichkeit, so wie Sie auch behandelt werden m\u00f6chten. F\u00fchren Sie freundliche und sinnvolle Gespr\u00e4che und verzichten Sie auf beleidigende Ausdr\u00fccke, Drohungen, Bel\u00e4stigungen oder Mobbing.<\/p>\n<h3>Keine unangemessenen Inhalte<\/h3>\n<p>Das Teilen von expliziten, anst\u00f6\u00dfigen oder anderweitig unangemessenen Inhalten ist auf FlirtBees.org streng verboten. Dies beinhaltet, ist aber nicht beschr\u00e4nkt auf Nacktheit, explizite Bilder oder Videos, grafische Gewalt oder Hassreden. Benutzer, die solche Inhalte teilen, werden von der Plattform ausgeschlossen.<\/p>\n<h3>Sch\u00fctzen Sie Ihre Privatsph\u00e4re<\/h3>\n<p>Geben Sie zu Ihrer Sicherheit keine sensiblen pers\u00f6nlichen Informationen wie Ihren vollst\u00e4ndigen Namen, Ihre Adresse, Telefonnummer oder finanzielle Details an andere Nutzer weiter. Seien Sie vorsichtig, wenn Sie pers\u00f6nliche Dinge besprechen, und denken Sie daran, dass nicht jeder auf der Plattform Ihr Bestes im Sinn haben k\u00f6nnte.<\/p>\n<h3>Kein Spam oder Werbung<\/h3>\n<p>Das Bewerben von Produkten, Dienstleistungen oder Webseiten sowie das Versenden von Spam oder unerw\u00fcnschten Nachrichten ist auf FlirtBees.org nicht erlaubt. Benutzer, die sich an solchen Aktivit\u00e4ten beteiligen, werden von der Plattform ausgeschlossen.<\/p>\n<h3>Keine Nachahmung<\/h3>\n<p>Es ist strengstens verboten, sich als eine andere Person auszugeben, egal ob es sich um einen Benutzer oder einen Mitarbeiter von FlirtBees.org handelt. Benutzer, die sich als andere ausgeben, werden von der Plattform ausgeschlossen.<\/p>\n<h3>Altersbeschr\u00e4nkungen<\/h3>\n<p>FlirtBees.org ist f\u00fcr Nutzer ab 13 Jahren gedacht. Nutzer unter 13 Jahren sind auf der Plattform nicht erlaubt. Wenn du einen Nutzer siehst, der minderj\u00e4hrig zu sein scheint, melde ihn bitte unseren Moderatoren.<\/p>\n<h3>Fehlverhalten melden<\/h3>\n<p>Wenn Sie einen Benutzer sehen, der gegen diese Regeln verst\u00f6\u00dft oder unangemessenes Verhalten an den Tag legt, melden Sie dies bitte sofort unseren Moderatoren. Ihre Meldungen helfen uns, ein sicheres und angenehmes Umfeld f\u00fcr alle Nutzer zu schaffen.<\/p>\n<p>Verst\u00f6\u00dfe gegen diese Regeln k\u00f6nnen zu Verwarnungen, vor\u00fcbergehenden oder dauerhaften Sperren oder anderen Ma\u00dfnahmen f\u00fchren, die im Ermessen der Moderatoren und Mitarbeiter von FlirtBees.org liegen. Wir behalten uns das Recht vor, diese Regeln jederzeit zu aktualisieren oder zu \u00e4ndern, um die Sicherheit und Integrit\u00e4t unserer Plattform zu gew\u00e4hrleisten. Durch die fortgesetzte Nutzung von FlirtBees.org erkl\u00e4ren Sie sich mit den \u00c4nderungen dieser Regeln einverstanden.<\/p>\n<p>Danke, dass du Teil der FlirtBees.org-Community bist und deinen Teil dazu beitr\u00e4gst, dass es ein sicherer und angenehmer Ort f\u00fcr alle ist!<\/p>\t\t\t\t\t\t\t\t<\/div>\n\t\t\t\t<\/div>\n\t\t\t\t\t<\/div>\n\t\t<\/div>\n\t\t\t\t\t<\/div>\n\t\t<\/section>\n\t\t\t\t<\/div>","protected":false},"excerpt":{"rendered":"<p>Regeln Willkommen bei FlirtBees.org! Unsere Plattform wurde entwickelt, um eine sichere und angenehme Umgebung f\u00fcr Benutzer zu schaffen, die sich in zuf\u00e4lligen Videochats mit Menschen aus der ganzen Welt engagieren m\u00f6chten. Um eine positive Erfahrung f\u00fcr alle Benutzer zu gew\u00e4hrleisten, haben wir eine Reihe von Regeln aufgestellt, die das akzeptable Verhalten auf unserer Plattform umrei\u00dfen. Durch den Zugriff auf [...]<\/p>","protected":false},"author":1,"featured_media":0,"parent":0,"menu_order":0,"comment_status":"closed","ping_status":"closed","template":"elementor_header_footer","meta":{"footnotes":""},"class_list":["post-51","page","type-page","status-publish","hentry"],"yoast_head":"<!-- This site is optimized with the Yoast SEO plugin v26.8 - https:\/\/yoast.com\/product\/yoast-seo-wordpress\/ -->\n<title>Rules - FlirtBees<\/title>\n<meta name=\"robots\" content=\"index, follow, max-snippet:-1, max-image-preview:large, max-video-preview:-1\" \/>\n<link rel=\"canonical\" href=\"https:\/\/flirtbees.org\/de\/rules\/\" \/>\n<meta property=\"og:locale\" content=\"de_DE\" \/>\n<meta property=\"og:type\" content=\"article\" \/>\n<meta property=\"og:title\" content=\"Rules - FlirtBees\" \/>\n<meta property=\"og:description\" content=\"Rules Welcome to FlirtBees.org! Our platform is designed to create a safe and enjoyable environment for users to engage in random video chats with people from around the world. To ensure a positive experience for all users, we have established a set of rules that outline acceptable behavior and conduct on our platform. By accessing [&hellip;]\" \/>\n<meta property=\"og:url\" content=\"https:\/\/flirtbees.org\/de\/rules\/\" \/>\n<meta property=\"og:site_name\" content=\"FlirtBees\" \/>\n<meta property=\"article:modified_time\" content=\"2025-12-18T12:50:11+00:00\" \/>\n<meta property=\"og:image\" content=\"https:\/\/flirtbees.org\/wp-content\/uploads\/2023\/05\/64731f1e55365.jpg\" \/>\n\t<meta property=\"og:image:width\" content=\"1024\" \/>\n\t<meta property=\"og:image:height\" content=\"683\" \/>\n\t<meta property=\"og:image:type\" content=\"image\/jpeg\" \/>\n<meta name=\"twitter:card\" content=\"summary_large_image\" \/>\n<meta name=\"twitter:label1\" content=\"Gesch\u00e4tzte Lesezeit\" \/>\n\t<meta name=\"twitter:data1\" content=\"2\u00a0Minuten\" \/>\n<script type=\"application\/ld+json\" class=\"yoast-schema-graph\">{\"@context\":\"https:\/\/schema.org\",\"@graph\":[{\"@type\":\"WebPage\",\"@id\":\"https:\/\/flirtbees.org\/rules\/\",\"url\":\"https:\/\/flirtbees.org\/rules\/\",\"name\":\"Rules - FlirtBees\",\"isPartOf\":{\"@id\":\"https:\/\/flirtbees.org\/#website\"},\"datePublished\":\"2025-12-18T06:26:15+00:00\",\"dateModified\":\"2025-12-18T12:50:11+00:00\",\"breadcrumb\":{\"@id\":\"https:\/\/flirtbees.org\/rules\/#breadcrumb\"},\"inLanguage\":\"de\",\"potentialAction\":[{\"@type\":\"ReadAction\",\"target\":[\"https:\/\/flirtbees.org\/rules\/\"]}]},{\"@type\":\"BreadcrumbList\",\"@id\":\"https:\/\/flirtbees.org\/rules\/#breadcrumb\",\"itemListElement\":[{\"@type\":\"ListItem\",\"position\":1,\"name\":\"Home\",\"item\":\"https:\/\/flirtbees.org\/\"},{\"@type\":\"ListItem\",\"position\":2,\"name\":\"Rules\"}]},{\"@type\":\"WebSite\",\"@id\":\"https:\/\/flirtbees.org\/#website\",\"url\":\"https:\/\/flirtbees.org\/\",\"name\":\"FlirtBees\",\"description\":\"\",\"publisher\":{\"@id\":\"https:\/\/flirtbees.org\/#organization\"},\"potentialAction\":[{\"@type\":\"SearchAction\",\"target\":{\"@type\":\"EntryPoint\",\"urlTemplate\":\"https:\/\/flirtbees.org\/?s={search_term_string}\"},\"query-input\":{\"@type\":\"PropertyValueSpecification\",\"valueRequired\":true,\"valueName\":\"search_term_string\"}}],\"inLanguage\":\"de\"},{\"@type\":\"Organization\",\"@id\":\"https:\/\/flirtbees.org\/#organization\",\"name\":\"LuckyCrush\",\"url\":\"https:\/\/flirtbees.org\/\",\"logo\":{\"@type\":\"ImageObject\",\"inLanguage\":\"de\",\"@id\":\"https:\/\/flirtbees.org\/#\/schema\/logo\/image\/\",\"url\":\"http:\/\/flirtbees.org\/wp-content\/uploads\/2020\/04\/chats-favicon.jpg\",\"contentUrl\":\"http:\/\/flirtbees.org\/wp-content\/uploads\/2020\/04\/chats-favicon.jpg\",\"width\":420,\"height\":420,\"caption\":\"LuckyCrush\"},\"image\":{\"@id\":\"https:\/\/flirtbees.org\/#\/schema\/logo\/image\/\"}}]}<\/script>\n<!-- \/ Yoast SEO plugin. -->","yoast_head_json":{"title":"Rules - FlirtBees","robots":{"index":"index","follow":"follow","max-snippet":"max-snippet:-1","max-image-preview":"max-image-preview:large","max-video-preview":"max-video-preview:-1"},"canonical":"https:\/\/flirtbees.org\/de\/rules\/","og_locale":"de_DE","og_type":"article","og_title":"Rules - FlirtBees","og_description":"Rules Welcome to FlirtBees.org! Our platform is designed to create a safe and enjoyable environment for users to engage in random video chats with people from around the world. To ensure a positive experience for all users, we have established a set of rules that outline acceptable behavior and conduct on our platform. By accessing [&hellip;]","og_url":"https:\/\/flirtbees.org\/de\/rules\/","og_site_name":"FlirtBees","article_modified_time":"2025-12-18T12:50:11+00:00","og_image":[{"width":1024,"height":683,"url":"https:\/\/flirtbees.org\/wp-content\/uploads\/2023\/05\/64731f1e55365.jpg","type":"image\/jpeg"}],"twitter_card":"summary_large_image","twitter_misc":{"Gesch\u00e4tzte Lesezeit":"2\u00a0Minuten"},"schema":{"@context":"https:\/\/schema.org","@graph":[{"@type":"WebPage","@id":"https:\/\/flirtbees.org\/rules\/","url":"https:\/\/flirtbees.org\/rules\/","name":"Rules - FlirtBees","isPartOf":{"@id":"https:\/\/flirtbees.org\/#website"},"datePublished":"2025-12-18T06:26:15+00:00","dateModified":"2025-12-18T12:50:11+00:00","breadcrumb":{"@id":"https:\/\/flirtbees.org\/rules\/#breadcrumb"},"inLanguage":"de","potentialAction":[{"@type":"ReadAction","target":["https:\/\/flirtbees.org\/rules\/"]}]},{"@type":"BreadcrumbList","@id":"https:\/\/flirtbees.org\/rules\/#breadcrumb","itemListElement":[{"@type":"ListItem","position":1,"name":"Home","item":"https:\/\/flirtbees.org\/"},{"@type":"ListItem","position":2,"name":"Rules"}]},{"@type":"WebSite","@id":"https:\/\/flirtbees.org\/#website","url":"https:\/\/flirtbees.org\/","name":"FlirtBees","description":"","publisher":{"@id":"https:\/\/flirtbees.org\/#organization"},"potentialAction":[{"@type":"SearchAction","target":{"@type":"EntryPoint","urlTemplate":"https:\/\/flirtbees.org\/?s={search_term_string}"},"query-input":{"@type":"PropertyValueSpecification","valueRequired":true,"valueName":"search_term_string"}}],"inLanguage":"de"},{"@type":"Organization","@id":"https:\/\/flirtbees.org\/#organization","name":"LuckyCrush","url":"https:\/\/flirtbees.org\/","logo":{"@type":"ImageObject","inLanguage":"de","@id":"https:\/\/flirtbees.org\/#\/schema\/logo\/image\/","url":"http:\/\/flirtbees.org\/wp-content\/uploads\/2020\/04\/chats-favicon.jpg","contentUrl":"http:\/\/flirtbees.org\/wp-content\/uploads\/2020\/04\/chats-favicon.jpg","width":420,"height":420,"caption":"LuckyCrush"},"image":{"@id":"https:\/\/flirtbees.org\/#\/schema\/logo\/image\/"}}]}},"_links":{"self":[{"href":"https:\/\/flirtbees.org\/de\/wp-json\/wp\/v2\/pages\/51","targetHints":{"allow":["GET"]}}],"collection":[{"href":"https:\/\/flirtbees.org\/de\/wp-json\/wp\/v2\/pages"}],"about":[{"href":"https:\/\/flirtbees.org\/de\/wp-json\/wp\/v2\/types\/page"}],"author":[{"embeddable":true,"href":"https:\/\/flirtbees.org\/de\/wp-json\/wp\/v2\/users\/1"}],"replies":[{"embeddable":true,"href":"https:\/\/flirtbees.org\/de\/wp-json\/wp\/v2\/comments?post=51"}],"version-history":[{"count":10,"href":"https:\/\/flirtbees.org\/de\/wp-json\/wp\/v2\/pages\/51\/revisions"}],"predecessor-version":[{"id":2197,"href":"https:\/\/flirtbees.org\/de\/wp-json\/wp\/v2\/pages\/51\/revisions\/2197"}],"wp:attachment":[{"href":"https:\/\/flirtbees.org\/de\/wp-json\/wp\/v2\/media?parent=51"}],"curies":[{"name":"wp","href":"https:\/\/api.w.org\/{rel}","templated":true}]}}